{"id":5622,"date":"2021-03-26T16:33:15","date_gmt":"2021-03-26T16:33:15","guid":{"rendered":"https:\/\/giovannib37.sg-host.com\/?page_id=5622"},"modified":"2021-04-09T08:19:23","modified_gmt":"2021-04-09T08:19:23","slug":"chi-siamo","status":"publish","type":"page","link":"https:\/\/maskenada.it\/en\/chi-siamo\/","title":{"rendered":"About us"},"content":{"rendered":"<div class=\"wpb-content-wrapper\"><div class=\"vc_row wpb_row vc_row-fluid fix-fullwidth-spacing vc_custom_1617177532902\" ><div class=\"wpb_column vc_column_container vc_col-sm-12 vc_col-lg-12 vc_col-md-12\" id=\"home-fullwidth-banner-fix-padding\"><div class=\"vc_column-inner\"><div class=\"wpb_wrapper\"><div class=\"qodef-elements-holder   qodef-two-columns  qodef-responsive-mode-768\" ><div class=\"qodef-eh-item\"  data-item-class=\"qodef-eh-custom-6174\" data-1367-1600=\"92px 5% 69px 13%\" data-1025-1366=\"92px 0% 69px 12%\" data-769-1024=\"92px 10% 69px 10%\" data-681-768=\"92px 11% 69px 11%\" data-680=\"92px 11% 69px 11%\">\n\t<div class=\"qodef-eh-item-inner\">\n\t\t<div class=\"qodef-eh-item-content qodef-eh-custom-6174\" style=\"padding: 128px 15% 137px 20%\">\n\t\t\t<div class=\"qodef-price-item-simple qodef-item-space price-hidden button-hidden content-spacing fix-p-spacing text-black text-left\">\n    <div class=\"qodef-pis-inner\">\n        <ul>\n            <li class=\"qodef-pis-prices\">\n                <sup class=\"qodef-pis-value\" >$<\/sup>\n                <span class=\"qodef-pis-price\" >5809<\/span>\n            <\/li>\n            <li class=\"qodef-pis-content-holder\">\n                <ul>\n                    <li class=\"qodef-pis-title-holder\">\n                        <span class=\"qodef-pis-title\" >Maskenada Real Estate<\/span>\n                    <\/li>\n                    <li class=\"qodef-pis-additional-title-holder\">\n                        <span class=\"qodef-pis-additional-title\" ><\/span>\n                    <\/li>\n                    <li class=\"qodef-pis-content\">\n                        Maskenada's Real Estate division <strong>has been working<\/strong> Maskenada's Real Estate division<\/p>\n<p>La nostra\u00a0<strong>Visione<\/strong>\u00a0\u00e8 quella di usare in tutti i nostri progetti i pi\u00f9 elevati standard costruttivi e le pi\u00f9 avanzate tecnologie in modo da ottenere la pi\u00f9 alta possibile qualit\u00e0 di vita all\u2019interno degli ambienti.                    <\/li>\n                                            <li class=\"qodef-pis-button\">\n                            <a itemprop=\"url\" href=\"http:\/\/diefinnhutte.select-themes.com\/portfolio-item\/modern-space\/\" target=\"_self\"  class=\"qodef-btn qodef-btn-medium qodef-btn-solid qodef-btn-underlined\"  >\t    <span class=\"qodef-btn-text\">read more<\/span>    <\/a>                        <\/li>\n                                    <\/ul>\n            <\/li>\n        <\/ul>\n    <\/div>\n<\/div>\t\t<\/div>\n\t<\/div>\n<\/div><div class=\"qodef-eh-item   qodef-horizontal-alignment-right\" style=\"background-image: url(https:\/\/maskenada.it\/wp-content\/uploads\/2021\/03\/chi-siamo_header.jpg)\" data-item-class=\"qodef-eh-custom-1747\" data-681-768=\"35% 0\" data-680=\"40% 0\">\n\t<div class=\"qodef-eh-item-inner\">\n\t\t<div class=\"qodef-eh-item-content qodef-eh-custom-1747\" >\n\t\t\t\t\t<\/div>\n\t<\/div>\n<\/div><\/div><\/div><\/div><\/div><\/div><div class=\"qodef-row-grid-section-wrapper\"  style=\"background-color:#f6f6f6\"><div class=\"qodef-row-grid-section\"><div class=\"vc_row wpb_row vc_row-fluid vc_custom_1616778074329\" ><div class=\"wpb_column vc_column_container vc_col-sm-12\"><div class=\"vc_column-inner\"><div class=\"wpb_wrapper\"><div class=\"qodef-section-title-holder  qodef-st-standard qodef-st-title-left qodef-st-normal-space\" >\n\t<div class=\"qodef-st-inner\">\n\t\t\t\t\t\t\t<h2 class=\"qodef-st-title\" >\n\t\t\t\tMaskenada is a holding company that invests in the following sectors:\t\t\t<\/h2>\n\t\t\t\t\t<\/div>\n<\/div><\/div><\/div><\/div><div class=\"wpb_column vc_column_container vc_col-sm-6\"><div class=\"vc_column-inner vc_custom_1616778004537\"><div class=\"wpb_wrapper\"><div class=\"qodef-progress-bar custom-pb-title\">\n\t<h6 class=\"qodef-pb-title-holder\" style=\"color: #fe120d\">\n\t\t<span class=\"qodef-pb-title\">Passion for their work<\/span>\n\t\t<span class=\"qodef-pb-percent\">0<\/span>\n\t<\/h6>\n\t<div class=\"qodef-pb-content-holder\" style=\"background-color: #f6f3f3\">\n\t\t<div data-percentage=\"100\" class=\"qodef-pb-content\" style=\"background-color: #fe120d\"><\/div>\n\t<\/div>\n<\/div><div class=\"vc_empty_space\"   style=\"height: 25px\"><span class=\"vc_empty_space_inner\"><\/span><\/div><div class=\"qodef-progress-bar custom-pb-title\">\n\t<h6 class=\"qodef-pb-title-holder\" >\n\t\t<span class=\"qodef-pb-title\">Renewable energies<\/span>\n\t\t<span class=\"qodef-pb-percent\">0<\/span>\n\t<\/h6>\n\t<div class=\"qodef-pb-content-holder\" style=\"background-color: #f6f3f3\">\n\t\t<div data-percentage=\"20\" class=\"qodef-pb-content\" style=\"background-color: #121212\"><\/div>\n\t<\/div>\n<\/div><div class=\"vc_empty_space\"   style=\"height: 25px\"><span class=\"vc_empty_space_inner\"><\/span><\/div><div class=\"qodef-progress-bar custom-pb-title\">\n\t<h6 class=\"qodef-pb-title-holder\" >\n\t\t<span class=\"qodef-pb-title\">Development of residential real estate projects<\/span>\n\t\t<span class=\"qodef-pb-percent\">0<\/span>\n\t<\/h6>\n\t<div class=\"qodef-pb-content-holder\" style=\"background-color: #f6f3f3\">\n\t\t<div data-percentage=\"30\" class=\"qodef-pb-content\" style=\"background-color: #121212\"><\/div>\n\t<\/div>\n<\/div><div class=\"vc_empty_space\"   style=\"height: 40px\"><span class=\"vc_empty_space_inner\"><\/span><\/div><\/div><\/div><\/div><div class=\"wpb_column vc_column_container vc_col-sm-6\"><div class=\"vc_column-inner vc_custom_1616778020169\"><div class=\"wpb_wrapper\"><div class=\"qodef-progress-bar custom-pb-title\">\n\t<h6 class=\"qodef-pb-title-holder\" >\n\t\t<span class=\"qodef-pb-title\">Leasing of commercial properties<\/span>\n\t\t<span class=\"qodef-pb-percent\">0<\/span>\n\t<\/h6>\n\t<div class=\"qodef-pb-content-holder\" style=\"background-color: #f6f3f3\">\n\t\t<div data-percentage=\"20\" class=\"qodef-pb-content\" style=\"background-color: #121212\"><\/div>\n\t<\/div>\n<\/div><div class=\"vc_empty_space\"   style=\"height: 25px\"><span class=\"vc_empty_space_inner\"><\/span><\/div><div class=\"qodef-progress-bar custom-pb-title\">\n\t<h6 class=\"qodef-pb-title-holder\" >\n\t\t<span class=\"qodef-pb-title\">Catering<\/span>\n\t\t<span class=\"qodef-pb-percent\">0<\/span>\n\t<\/h6>\n\t<div class=\"qodef-pb-content-holder\" style=\"background-color: #f6f3f3\">\n\t\t<div data-percentage=\"10\" class=\"qodef-pb-content\" style=\"background-color: #121212\"><\/div>\n\t<\/div>\n<\/div><div class=\"vc_empty_space\"   style=\"height: 25px\"><span class=\"vc_empty_space_inner\"><\/span><\/div><div class=\"qodef-progress-bar custom-pb-title\">\n\t<h6 class=\"qodef-pb-title-holder\" >\n\t\t<span class=\"qodef-pb-title\">Private equity funds<\/span>\n\t\t<span class=\"qodef-pb-percent\">0<\/span>\n\t<\/h6>\n\t<div class=\"qodef-pb-content-holder\" style=\"background-color: #f6f3f3\">\n\t\t<div data-percentage=\"20\" class=\"qodef-pb-content\" style=\"background-color: #121212\"><\/div>\n\t<\/div>\n<\/div><div class=\"vc_empty_space\"   style=\"height: 40px\"><span class=\"vc_empty_space_inner\"><\/span><\/div><\/div><\/div><\/div><\/div><\/div><\/div><div class=\"qodef-row-grid-section-wrapper\"  ><div class=\"qodef-row-grid-section\"><div class=\"vc_row wpb_row vc_row-fluid vc_custom_1616779034952\" ><div class=\"wpb_column vc_column_container vc_col-sm-6\"><div class=\"vc_column-inner\"><div class=\"wpb_wrapper\"><div class=\"qodef-single-image-holder\">\n    <div class=\"qodef-si-inner\" >\n                                    <img loading=\"lazy\" decoding=\"async\" width=\"1000\" height=\"719\" src=\"https:\/\/maskenada.it\/wp-content\/uploads\/2021\/04\/Cocco-giammetta.jpg\" class=\"attachment-full size-full\" alt=\"Massimo Cocco e Massimo Giammetta\" srcset=\"https:\/\/maskenada.it\/wp-content\/uploads\/2021\/04\/Cocco-giammetta.jpg 1000w, https:\/\/maskenada.it\/wp-content\/uploads\/2021\/04\/Cocco-giammetta-300x216.jpg 300w, https:\/\/maskenada.it\/wp-content\/uploads\/2021\/04\/Cocco-giammetta-768x552.jpg 768w, https:\/\/maskenada.it\/wp-content\/uploads\/2021\/04\/Cocco-giammetta-600x431.jpg 600w\" sizes=\"auto, (max-width: 1000px) 100vw, 1000px\" \/>                        <\/div>\n<\/div><div class=\"vc_empty_space\"   style=\"height: 40px\"><span class=\"vc_empty_space_inner\"><\/span><\/div><\/div><\/div><\/div><div class=\"wpb_column vc_column_container vc_col-sm-6\"><div class=\"vc_column-inner vc_custom_1616780269495\"><div class=\"wpb_wrapper\">\n\t<div class=\"wpb_text_column wpb_content_element smaller-h3 text-black fix-p-spacing\" >\n\t\t<div class=\"wpb_wrapper\">\n\t\t\t<h4>Massimo Cocco and Massimo Giammetta<\/h4>\n<p>In 1994, at the age of 25, they founded the Sicura Group, which operates in the Occupational Safety and Security Systems sector, becoming a leader in Italy with over 350 employees and 8 offices. In 2013, the group was sold to Manutencoop Facility Management of Bologna.<\/p>\n<p>In 2009 they founded Maskenada, a holding company that invests in various sectors, including real estate. Maskenada has developed multiple new construction and renovation projects for residential and commercial buildings in Italy and the United States of America, focusing on sustainable construction with near-zero energy consumption.<\/p>\n<p><strong>Massimo Cocco<\/strong> has been a member of the Advisory Board of B4 Investimenti SGR and of the Industry Club of 21 Invest SGR since 2016.<br \/>\n<strong>Massimo Giammetta<\/strong> is president of the Run4Hope Italia association, which raises funds for the fight against cancer and leukaemia through sport.<\/p>\n\n\t\t<\/div>\n\t<\/div>\n<div class=\"vc_empty_space\"   style=\"height: 72px\"><span class=\"vc_empty_space_inner\"><\/span><\/div><\/div><\/div><\/div><\/div><\/div><\/div>\n<\/div>","protected":false},"excerpt":{"rendered":"$ 5809 Maskenada Real Estate La divisione Real Estate di Maskenada si occupa dal 2010 solo ed esclusivamente di sviluppo di immobili a quasi zero consumo di energia credendo fortemente che non ci possa essere altro modo di investire in [...]","protected":false},"author":1,"featured_media":0,"parent":0,"menu_order":0,"comment_status":"closed","ping_status":"closed","template":"full-width.php","meta":{"footnotes":""},"class_list":["post-5622","page","type-page","status-publish","hentry"],"_links":{"self":[{"href":"https:\/\/maskenada.it\/en\/wp-json\/wp\/v2\/pages\/5622","targetHints":{"allow":["GET"]}}],"collection":[{"href":"https:\/\/maskenada.it\/en\/wp-json\/wp\/v2\/pages"}],"about":[{"href":"https:\/\/maskenada.it\/en\/wp-json\/wp\/v2\/types\/page"}],"author":[{"embeddable":true,"href":"https:\/\/maskenada.it\/en\/wp-json\/wp\/v2\/users\/1"}],"replies":[{"embeddable":true,"href":"https:\/\/maskenada.it\/en\/wp-json\/wp\/v2\/comments?post=5622"}],"version-history":[{"count":25,"href":"https:\/\/maskenada.it\/en\/wp-json\/wp\/v2\/pages\/5622\/revisions"}],"predecessor-version":[{"id":5870,"href":"https:\/\/maskenada.it\/en\/wp-json\/wp\/v2\/pages\/5622\/revisions\/5870"}],"wp:attachment":[{"href":"https:\/\/maskenada.it\/en\/wp-json\/wp\/v2\/media?parent=5622"}],"curies":[{"name":"wp","href":"https:\/\/api.w.org\/{rel}","templated":true}]}}